{"id":94,"date":"2024-10-04T16:53:03","date_gmt":"2024-10-04T16:53:03","guid":{"rendered":"https:\/\/tanquetamovil.com\/?page_id=94"},"modified":"2024-10-04T17:08:06","modified_gmt":"2024-10-04T17:08:06","slug":"los-djs-de-la-tanqueta","status":"publish","type":"page","link":"https:\/\/tanquetamovil.com\/?page_id=94","title":{"rendered":"Los Djs de la Tanqueta"},"content":{"rendered":"\t\t<div data-elementor-type=\"wp-page\" data-elementor-id=\"94\" class=\"elementor elementor-94\">\n\t\t\t\t<div class=\"elementor-element elementor-element-f15a7a7 e-grid e-con-boxed e-con e-parent\" data-id=\"f15a7a7\" data-element_type=\"container\" data-e-type=\"container\">\n\t\t\t\t\t<div class=\"e-con-inner\">\n\t\t\t\t<div class=\"elementor-element elementor-element-bfd796d elementor-widget elementor-widget-text-editor\" data-id=\"bfd796d\" data-element_type=\"widget\" data-e-type=\"widget\" data-widget_type=\"text-editor.default\">\n\t\t\t\t<div class=\"elementor-widget-container\">\n\t\t\t\t\t\t\t\t\t<p>&#8220;Desde mezclas explosivas hasta ritmos que te har\u00e1n bailar toda la noche, estamos aqu\u00ed para llevarte al siguiente nivel. \u00a1As\u00ed que sube el volumen y d\u00e9jate llevar por la m\u00fasica!&#8221;<\/p>\t\t\t\t\t\t\t\t<\/div>\n\t\t\t\t<\/div>\n\t\t\t\t\t<\/div>\n\t\t\t\t<\/div>\n\t\t<div class=\"elementor-element elementor-element-fe14fe1 e-grid e-con-boxed e-con e-parent\" data-id=\"fe14fe1\" data-element_type=\"container\" data-e-type=\"container\">\n\t\t\t\t\t<div class=\"e-con-inner\">\n\t\t\t\t<div class=\"elementor-element elementor-element-16aac4d elementor-widget elementor-widget-spacer\" data-id=\"16aac4d\" data-element_type=\"widget\" data-e-type=\"widget\" data-widget_type=\"spacer.default\">\n\t\t\t\t<div class=\"elementor-widget-container\">\n\t\t\t\t\t\t\t<div class=\"elementor-spacer\">\n\t\t\t<div class=\"elementor-spacer-inner\"><\/div>\n\t\t<\/div>\n\t\t\t\t\t\t<\/div>\n\t\t\t\t<\/div>\n\t\t\t\t\t<\/div>\n\t\t\t\t<\/div>\n\t\t<div class=\"elementor-element elementor-element-b75ad32 e-grid e-con-boxed e-con e-parent\" data-id=\"b75ad32\" data-element_type=\"container\" data-e-type=\"container\">\n\t\t\t\t\t<div class=\"e-con-inner\">\n\t\t\t\t<div class=\"elementor-element elementor-element-5be088d elementor-widget elementor-widget-image\" data-id=\"5be088d\" data-element_type=\"widget\" data-e-type=\"widget\" data-widget_type=\"image.default\">\n\t\t\t\t<div class=\"elementor-widget-container\">\n\t\t\t\t\t\t\t\t\t\t\t\t\t\t\t<img fetchpriority=\"high\" decoding=\"async\" width=\"576\" height=\"1024\" src=\"https:\/\/tanquetamovil.com\/wp-content\/uploads\/2024\/10\/Imagen-de-WhatsApp-2024-08-27-a-las-12.46.33_75915ccc-576x1024.jpg\" class=\"attachment-large size-large wp-image-96\" alt=\"\" srcset=\"https:\/\/tanquetamovil.com\/wp-content\/uploads\/2024\/10\/Imagen-de-WhatsApp-2024-08-27-a-las-12.46.33_75915ccc-576x1024.jpg 576w, https:\/\/tanquetamovil.com\/wp-content\/uploads\/2024\/10\/Imagen-de-WhatsApp-2024-08-27-a-las-12.46.33_75915ccc-169x300.jpg 169w, https:\/\/tanquetamovil.com\/wp-content\/uploads\/2024\/10\/Imagen-de-WhatsApp-2024-08-27-a-las-12.46.33_75915ccc-768x1365.jpg 768w, https:\/\/tanquetamovil.com\/wp-content\/uploads\/2024\/10\/Imagen-de-WhatsApp-2024-08-27-a-las-12.46.33_75915ccc-864x1536.jpg 864w, https:\/\/tanquetamovil.com\/wp-content\/uploads\/2024\/10\/Imagen-de-WhatsApp-2024-08-27-a-las-12.46.33_75915ccc-7x12.jpg 7w, https:\/\/tanquetamovil.com\/wp-content\/uploads\/2024\/10\/Imagen-de-WhatsApp-2024-08-27-a-las-12.46.33_75915ccc.jpg 872w\" sizes=\"(max-width: 576px) 100vw, 576px\" \/>\t\t\t\t\t\t\t\t\t\t\t\t\t\t\t<\/div>\n\t\t\t\t<\/div>\n\t\t\t\t<div class=\"elementor-element elementor-element-96ca44d elementor-widget elementor-widget-image\" data-id=\"96ca44d\" data-element_type=\"widget\" data-e-type=\"widget\" data-widget_type=\"image.default\">\n\t\t\t\t<div class=\"elementor-widget-container\">\n\t\t\t\t\t\t\t\t\t\t\t\t\t\t\t<img decoding=\"async\" width=\"540\" height=\"960\" src=\"https:\/\/tanquetamovil.com\/wp-content\/uploads\/2024\/10\/Imagen-de-WhatsApp-2024-08-27-a-las-12.04.10_f205e0ae.jpg\" class=\"attachment-large size-large wp-image-97\" alt=\"\" srcset=\"https:\/\/tanquetamovil.com\/wp-content\/uploads\/2024\/10\/Imagen-de-WhatsApp-2024-08-27-a-las-12.04.10_f205e0ae.jpg 540w, https:\/\/tanquetamovil.com\/wp-content\/uploads\/2024\/10\/Imagen-de-WhatsApp-2024-08-27-a-las-12.04.10_f205e0ae-169x300.jpg 169w, https:\/\/tanquetamovil.com\/wp-content\/uploads\/2024\/10\/Imagen-de-WhatsApp-2024-08-27-a-las-12.04.10_f205e0ae-7x12.jpg 7w\" sizes=\"(max-width: 540px) 100vw, 540px\" \/>\t\t\t\t\t\t\t\t\t\t\t\t\t\t\t<\/div>\n\t\t\t\t<\/div>\n\t\t\t\t<div class=\"elementor-element elementor-element-c3b3931 elementor-widget elementor-widget-image\" data-id=\"c3b3931\" data-element_type=\"widget\" data-e-type=\"widget\" data-widget_type=\"image.default\">\n\t\t\t\t<div class=\"elementor-widget-container\">\n\t\t\t\t\t\t\t\t\t\t\t\t\t\t\t<img decoding=\"async\" width=\"576\" height=\"1024\" src=\"https:\/\/tanquetamovil.com\/wp-content\/uploads\/2024\/10\/NECIO_20240509_070642_0000-576x1024.png\" class=\"attachment-large size-large wp-image-98\" alt=\"\" srcset=\"https:\/\/tanquetamovil.com\/wp-content\/uploads\/2024\/10\/NECIO_20240509_070642_0000-576x1024.png 576w, https:\/\/tanquetamovil.com\/wp-content\/uploads\/2024\/10\/NECIO_20240509_070642_0000-169x300.png 169w, https:\/\/tanquetamovil.com\/wp-content\/uploads\/2024\/10\/NECIO_20240509_070642_0000-768x1365.png 768w, https:\/\/tanquetamovil.com\/wp-content\/uploads\/2024\/10\/NECIO_20240509_070642_0000-864x1536.png 864w, https:\/\/tanquetamovil.com\/wp-content\/uploads\/2024\/10\/NECIO_20240509_070642_0000-7x12.png 7w, https:\/\/tanquetamovil.com\/wp-content\/uploads\/2024\/10\/NECIO_20240509_070642_0000.png 1080w\" sizes=\"(max-width: 576px) 100vw, 576px\" \/>\t\t\t\t\t\t\t\t\t\t\t\t\t\t\t<\/div>\n\t\t\t\t<\/div>\n\t\t\t\t<div class=\"elementor-element elementor-element-d12114b elementor-widget elementor-widget-image\" data-id=\"d12114b\" data-element_type=\"widget\" data-e-type=\"widget\" data-widget_type=\"image.default\">\n\t\t\t\t<div class=\"elementor-widget-container\">\n\t\t\t\t\t\t\t\t\t\t\t\t\t\t\t<img loading=\"lazy\" decoding=\"async\" width=\"572\" height=\"1024\" src=\"https:\/\/tanquetamovil.com\/wp-content\/uploads\/2024\/10\/Dj-Ariss-Booking-572x1024.jpg\" class=\"attachment-large size-large wp-image-99\" alt=\"\" srcset=\"https:\/\/tanquetamovil.com\/wp-content\/uploads\/2024\/10\/Dj-Ariss-Booking-572x1024.jpg 572w, https:\/\/tanquetamovil.com\/wp-content\/uploads\/2024\/10\/Dj-Ariss-Booking-168x300.jpg 168w, https:\/\/tanquetamovil.com\/wp-content\/uploads\/2024\/10\/Dj-Ariss-Booking-7x12.jpg 7w, https:\/\/tanquetamovil.com\/wp-content\/uploads\/2024\/10\/Dj-Ariss-Booking.jpg 603w\" sizes=\"(max-width: 572px) 100vw, 572px\" \/>\t\t\t\t\t\t\t\t\t\t\t\t\t\t\t<\/div>\n\t\t\t\t<\/div>\n\t\t\t\t\t<\/div>\n\t\t\t\t<\/div>\n\t\t\t\t<\/div>\n\t\t","protected":false},"excerpt":{"rendered":"<p>&#8220;Desde mezclas explosivas hasta ritmos que te har\u00e1n bailar toda la noche, estamos aqu\u00ed para llevarte al siguiente nivel. \u00a1As\u00ed que sube el volumen y d\u00e9jate llevar por la m\u00fasica!&#8221;<\/p>\n","protected":false},"author":1,"featured_media":0,"parent":0,"menu_order":0,"comment_status":"closed","ping_status":"closed","template":"","meta":{"site-container-style":"default","site-container-layout":"default","site-sidebar-layout":"default","site-transparent-header":"default","disable-article-header":"default","disable-site-header":"default","disable-site-footer":"default","disable-content-area-spacing":"default","footnotes":""},"class_list":["post-94","page","type-page","status-publish","hentry"],"_links":{"self":[{"href":"https:\/\/tanquetamovil.com\/index.php?rest_route=\/wp\/v2\/pages\/94","targetHints":{"allow":["GET"]}}],"collection":[{"href":"https:\/\/tanquetamovil.com\/index.php?rest_route=\/wp\/v2\/pages"}],"about":[{"href":"https:\/\/tanquetamovil.com\/index.php?rest_route=\/wp\/v2\/types\/page"}],"author":[{"embeddable":true,"href":"https:\/\/tanquetamovil.com\/index.php?rest_route=\/wp\/v2\/users\/1"}],"replies":[{"embeddable":true,"href":"https:\/\/tanquetamovil.com\/index.php?rest_route=%2Fwp%2Fv2%2Fcomments&post=94"}],"version-history":[{"count":5,"href":"https:\/\/tanquetamovil.com\/index.php?rest_route=\/wp\/v2\/pages\/94\/revisions"}],"predecessor-version":[{"id":108,"href":"https:\/\/tanquetamovil.com\/index.php?rest_route=\/wp\/v2\/pages\/94\/revisions\/108"}],"wp:attachment":[{"href":"https:\/\/tanquetamovil.com\/index.php?rest_route=%2Fwp%2Fv2%2Fmedia&parent=94"}],"curies":[{"name":"wp","href":"https:\/\/api.w.org\/{rel}","templated":true}]}}